{"id":255,"date":"2025-10-27T15:42:39","date_gmt":"2025-10-27T13:42:39","guid":{"rendered":"https:\/\/www.tchat-delire.fr\/dating\/?page_id=255"},"modified":"2025-10-27T15:48:14","modified_gmt":"2025-10-27T13:48:14","slug":"netiquette","status":"publish","type":"page","link":"https:\/\/www.tchat-delire.fr\/dating\/netiquette\/","title":{"rendered":"N\u00e9tiquette"},"content":{"rendered":"\t\t<div data-elementor-type=\"wp-page\" data-elementor-id=\"255\" class=\"elementor elementor-255\" data-elementor-post-type=\"page\">\n\t\t\t\t<div class=\"elementor-element elementor-element-445589e e-con-full e-flex e-con e-parent\" data-id=\"445589e\" data-element_type=\"container\" data-e-type=\"container\" data-settings=\"{&quot;background_background&quot;:&quot;classic&quot;}\">\n\t\t\t\t<div class=\"elementor-element elementor-element-9001a52 elementor-widget elementor-widget-spacer\" data-id=\"9001a52\" data-element_type=\"widget\" data-e-type=\"widget\" data-widget_type=\"spacer.default\">\n\t\t\t\t\t\t\t<div class=\"elementor-spacer\">\n\t\t\t<div class=\"elementor-spacer-inner\"><\/div>\n\t\t<\/div>\n\t\t\t\t\t\t<\/div>\n\t\t\t\t<div class=\"elementor-element elementor-element-bc401b3 elementor-widget elementor-widget-heading\" data-id=\"bc401b3\" data-element_type=\"widget\" data-e-type=\"widget\" data-widget_type=\"heading.default\">\n\t\t\t\t\t<h2 class=\"elementor-heading-title elementor-size-default\">N\u00e9tiquette De Notre Site<\/h2>\t\t\t\t<\/div>\n\t\t\t\t<\/div>\n\t\t<div class=\"elementor-element elementor-element-985b10d e-con-full e-flex e-con e-parent\" data-id=\"985b10d\" data-element_type=\"container\" data-e-type=\"container\">\n\t\t\t\t<div class=\"elementor-element elementor-element-127f729 elementor-widget elementor-widget-text-editor\" data-id=\"127f729\" data-element_type=\"widget\" data-e-type=\"widget\" data-widget_type=\"text-editor.default\">\n\t\t\t\t\t\t\t\t\t<h3 style=\"background: #ff0197; border: 2px solid #ff0197; color: white; text-align: center;\">CONDITIONS D&rsquo;UTILISATIONS<\/h3>\n<p style=\"text-align: center;\">Tchat-Delire.fr \u00e0 l\u2019 adresse <a style=\"color: #ff0197;\" title=\"Tchat-Delire.fr\" href=\"https:\/\/www.Tchat-Delire.fr\/\" rel=\"nofollow\">http:\/\/www.Tchat-Delire.fr<\/a> est d\u2019abord et avant tout un site de divertissement et de d\u00e9tente pour tout public avec r\u00e9seau social,tchat, blogs, vid\u00e9os, photos,\u00e9v\u00e8nements etc\u2026<\/p>\n<p style=\"text-align: center;\">\u00a0<\/p>\n<p style=\"text-align: center;\">Tchat-Delire.fr est libre de modifier, \u00e0 tout moment, les pr\u00e9sentes CGU (Conditions G\u00e9n\u00e9rales d\u2019Utilisation), afin notamment de prendre en compte toute \u00e9volution l\u00e9gale, jurisprudentielle, \u00e9ditoriale et\/ou technique.<\/p>\n<p style=\"text-align: center;\">Tout Utilisateur est donc tenu de v\u00e9rifier r\u00e9guli\u00e8rement les Conditions G\u00e9n\u00e9rales d\u2019Utilisation<\/p>\n<p style=\"text-align: center;\">En vous inscrivant, vous consentez \u00e0 l\u2019ensemble des r\u00e8gles qui suivent<\/p>\n<h3 style=\"background: #ff0197; border: 2px solid #ff0197; color: white; text-align: center;\">ARTICLES DE 1 A 13<\/h3>\n<p style=\"text-align: center;\"><span style=\"color: #ff0197;\">1)<\/span> \u00eatre \u00e2g\u00e9(e) d\u2019au moins de 18 ans au sens de la loi.<\/p>\n<p style=\"text-align: center;\">\u00a0<\/p>\n<p style=\"text-align: center;\"><span style=\"color: #ff0197;\">2)<\/span> Ne pas tenir comme responsables des \u00e9changes et\/ou rencontres et\/ou interactivit\u00e9s entre membres les administrateurs, propri\u00e9taires et\/ou mod\u00e9rateurs de Tchat-Delire.fr.<\/p>\n<p style=\"text-align: center;\">\u00a0<\/p>\n<p style=\"text-align: center;\"><span style=\"color: #ff0197;\">3)<\/span> Ne pas cr\u00e9er un compte avec des fausses donn\u00e9es (nom, photo, \u00e2ge, pays etc.) sous peine de bannissement imm\u00e9diat sans pr\u00e9avis.<\/p>\n<p style=\"text-align: center;\">\u00a0<\/p>\n<p style=\"text-align: center;\"><span style=\"color: #ff0197;\">4)<\/span> Demeurer respectueux tout au long de son s\u00e9jour sur le site, sur les forums, groupes, messages, tchat\u2026 comme sur l\u2019ensemble du site principal de Tchat-Delire.fr.<\/p>\n<p style=\"text-align: center;\">Seront sanctionn\u00e9s sans pr\u00e9avis avec possibles recours judiciaires s\u00e9v\u00e8re : racisme, propos haineux, remarques d\u00e9sobligeantes, propos p\u00e9joratifs, vulgarit\u00e9s, pornographie, p\u00e9dophilie etc.<\/p>\n<p style=\"text-align: center;\">\u00a0<\/p>\n<p style=\"text-align: center;\"><span style=\"color: #ff0197;\">5)<\/span> Toute utilisation du site \u00e0 des fins commerciales (spam, mailing list, etc.) sera sanctionn\u00e9e avec possibles recours judiciaires.<\/p>\n<p style=\"text-align: center;\">\u00a0<\/p>\n<p style=\"text-align: center;\"><span style=\"color: #ff0197;\">6)<\/span> Les membres de Tchat-Delire.fr (<a style=\"color: #ff0197;\" title=\"Membres De Tchat-Delire.fr\" href=\"https:\/\/www.Tchat-Delire.fr\/membres\/\" rel=\"nofollow\">http:\/\/www.Tchat-Delire.fr<\/a>) d\u00e9clare et reconna\u00eet \u00eatre conscient que toutes les informations, donn\u00e9es, textes, musiques, sons, photographies, images, vid\u00e9os, messages ou tous autres contenus qu\u2019ils soient port\u00e9s \u00e0 la connaissance du public ou transmis de mani\u00e8re priv\u00e9e, sont sous la seule responsabilit\u00e9 de la personne ayant \u00e9mis ce Contenu.<\/p>\n<p style=\"text-align: center;\">L\u2019utilisateur seul, et non Tchat-Delire.fr, est enti\u00e8rement responsable du Contenu qu\u2019il affiche, t\u00e9l\u00e9charge, envoie ou transmet de quelque mani\u00e8re que ce soit par les Services. Sauf stipulation contraire expresse dans les pr\u00e9sentes, Tchat-Delire.fr n\u2019exerce pas de contr\u00f4le du Contenu transmis via les Services et en cons\u00e9quence ne garantit pas l\u2019opportunit\u00e9, la lic\u00e9it\u00e9, la probit\u00e9 ou la qualit\u00e9 de ce Contenu.<\/p>\n<p style=\"text-align: center;\">En toutes hypoth\u00e8ses, Tchat-Delire.fr ne pourra en aucun cas \u00eatre tenue pour responsable du Contenu, notamment du caract\u00e8re ill\u00e9gal du Contenu au regard de la r\u00e9glementation en vigueur, d\u2019erreur ou d\u2019omission dans tout Contenu, de toute perte ou dommage cons\u00e9cutifs \u00e0 l\u2019utilisation de tout Contenu affich\u00e9, transmis par message instantan\u00e9 ou de toute autre mani\u00e8re via les Services.<\/p>\n<p style=\"text-align: center;\">Les membres s\u2019engagent \u00e9galement \u00e0 respecter les droits des tiers et \u00e0 ne pas utiliser texte, photographie, vid\u00e9os, images ou tout autre \u00e9l\u00e9ment susceptible de relever le droit d\u2019auteur, du droit des marques ou d\u2019autres droits.<\/p>\n<p style=\"text-align: center;\">De m\u00eame, l\u2019utilisateur s\u2019interdit \u00e0 faire la promotion de services concurrents, de harceler d\u2019autres membres en continuant d\u2019essayer ou en r\u00e9ussissant \u00e0 communiquer avec toute personne qui lui a clairement demand\u00e9 de cesser la communication.<\/p>\n<p style=\"text-align: center;\">L\u2019utilisateur est responsable de s\u2019assurer que son comportement avec le site et les autres membres est l\u00e9gal et est conforme \u00e0 toutes les lois applicables.<\/p>\n<p style=\"text-align: center;\">\u00a0<\/p>\n<p style=\"text-align: center;\"><span style=\"color: #ff0197;\">7)<\/span> Un utilisateur ne peut cr\u00e9er deux comptes. Les comptes en double seront supprim\u00e9s et la personne avertie puis bannie si le besoin se fait sentir<\/p>\n<p style=\"text-align: center;\">\u00a0<\/p>\n<p style=\"text-align: center;\"><span style=\"color: #ff0197;\">8)<\/span> Les administrateurs, les propri\u00e9taires et les mod\u00e9rateurs de Tchat-Delire.fr sont les seules figures d\u2019autorit\u00e9 du site.<\/p>\n<p style=\"text-align: center;\">Leur mandat est de vous assurer un espace de rencontres et de d\u00e9tente convivial et sympathique. En \u00e9change, vous leur devez respect comme aux autres membres.<\/p>\n<p style=\"text-align: center;\">\u00a0<\/p>\n<p style=\"text-align: center;\"><span style=\"color: #ff0197;\">9)<\/span> Quelle sorte d\u2019informations recueillons-nous ?<\/p>\n<p style=\"text-align: center;\">Par l\u2019acceptation des CGU, l\u2019Utilisateur accepte implicitement le traitement des donn\u00e9es le concernant par le site Tchat-Delire.fr entre autre certaines informations susceptibles de r\u00e9v\u00e9ler l\u2019origine ethnique, la nationalit\u00e9, la religion, les pr\u00e9f\u00e9rences sexuelles, votre apparence physique, photographie, annonce vocale, vid\u00e9o, vos valeurs personnelles de l\u2019Utilisateur.<\/p>\n<p style=\"text-align: center;\">Par ce fait l\u2019utilisateur renonce \u00e0 tout recours \u00e0 l\u2019encontre du site Tchat-Delire.fr concernant une atteinte ou un pr\u00e9judice r\u00e9sultant de la diffusion d\u2019informations relatives aux informations pr\u00e9cit\u00e9es.<\/p>\n<p style=\"text-align: center;\">Par ailleurs, il est pr\u00e9cis\u00e9 que les donn\u00e9es telles que les adresses IP sont enregistr\u00e9es et sont \u00e0 disposition des services judiciaires en cas d\u2019enqu\u00eate, et peuvent servir \u00e0 identifier toutes personnes ne respectant les CGU.<\/p>\n<p style=\"text-align: center;\">En outre, certaines informations non personnelles peuvent \u00eatre \u00e9galement recueillies comme la version du navigateur de l\u2019Utilisateur (Netscape, Internet Explorer, Firefox etc.), la r\u00e9solution de l\u2019\u00e9cran, le type de syst\u00e8me d\u2019exploitation utilis\u00e9 (Windows XP, Vista, Mac Os, etc.) et l\u2019adresse IP de l\u2019ordinateur utilis\u00e9.<\/p>\n<p style=\"text-align: center;\">Tchat-Delire.fr utilise des cookies, destin\u00e9s \u00e0 stocker des informations identifiant le\u2019Utilisateur durant la consultation du site et des Services afin de lui \u00e9viter de ce connecter \u00e0 chaque page consult\u00e9e.<\/p>\n<p style=\"text-align: center;\">L\u2019Utilisateur dispose toutefois de la possibilit\u00e9 d\u2019emp\u00eacher l\u2019utilisation des cookies en modifiant les options de son navigateur Internet.<\/p>\n<p style=\"text-align: center;\">Conditions sp\u00e9cifiques au programme Google Adsense :<br \/>En tant que prestataire tiers, Google utilise des cookies pour diffuser des annonces sur notre site.<\/p>\n<p style=\"text-align: center;\">Gr\u00e2ce au cookie DART, Google adapte les annonces diffus\u00e9es aux utilisateurs en fonction de leur navigation sur notre site Web ou d\u2019autres sites.<\/p>\n<p style=\"text-align: center;\">Les utilisateurs peuvent d\u00e9sactiver l\u2019utilisation du cookie DART en se rendant sur la page des r\u00e8gles de confidentialit\u00e9 s\u2019appliquant au r\u00e9seau de contenu et aux annonces Google : https:\/\/www.google.com\/adsense\/support\/bin\/answer.py?answer=100557.<\/p>\n<p style=\"text-align: center;\">\u00a0<\/p>\n<p style=\"text-align: center;\"><span style=\"color: #ff0197;\">10)<\/span> Le site ne fournira aucune information personnelle \u00e0 des partis tierces.<\/p>\n<p style=\"text-align: center;\">Si vous sentez qu\u2019une erreur est survenue \u00e0 ce sujet, entrez imm\u00e9diatement en communication avec nous en utilisant le formulaire de contact et nous interviendrons sur-le-champ.<\/p>\n<p style=\"text-align: center;\">\u00a0<\/p>\n<p style=\"text-align: center;\"><span style=\"color: #ff0197;\">11)<\/span> Vous acceptez de n\u2019utiliser \u00e0 aucun moment le compte d\u2019un autre Membre, le profil, le nom d\u2019utilisateur ni le mot de passe d\u2019un autre Membre.<\/p>\n<p style=\"text-align: center;\">Vous acceptez de nous signaler imm\u00e9diatement si vous suspectez quelqu\u2019un d\u2019utiliser de facon non autoris\u00e9e votre compte ou d\u2019avoir acc\u00e9d\u00e9 \u00e0 votre mot de passe. Vous \u00eates seul responsable de l\u2019utilisation de votre compte et votre profil sur Tchat-Delire.fr.<\/p>\n<p style=\"text-align: center;\">\u00a0<\/p>\n<p style=\"text-align: center;\"><span style=\"color: #ff0197;\">12)<\/span> Avant de fournir des informations priv\u00e9es \u00e0 un autre membre, assurez-vous de ses bonnes intentions. Si un membre vous manque de respect ou a caus\u00e9 un probl\u00e8me,envoyez imm\u00e9diatement un courriel <a href=\"mailto:contact@popichat.com\" rel=\"nofollow\">ici<\/a> et nous \u00e9valuerons le dossier. Il en va de m\u00eame avant de rencontrer une personne, faites-le dans un endroit public, apr\u00e8s vous \u00eatre assur\u00e9 du bien-fond\u00e9 de la situation.<\/p>\n<p style=\"text-align: center;\">\u00a0<\/p>\n<p style=\"text-align: center;\"><span style=\"color: #ff0197;\">13)<\/span> Conform\u00e9ment aux dispositions de la loi n\u00ba78-17 du 6 janvier 1978 relative \u00e0 l\u2019informatique, aux fichiers et aux libert\u00e9s, chaque membre de Tchat-Delire.fr dispose d\u2019un droit d\u2019acc\u00e8s et de rectification.<\/p>\n<p style=\"text-align: center;\">\u00a0<\/p>\n<h3 style=\"background: #ff0197; border: 2px solid #ff0197; color: white; text-align: center;\">SONT INTERDIT SUR LE TCHAT<\/h3>\n<p style=\"text-align: center;\"><b><span style=\"color: #ff0197;\"> 1.<\/span> L\u2019incitation \u00e0 la haine raciale et \u00e0 la discrimination.<\/b><\/p>\n<p style=\"text-align: center;\"><span style=\"color: #ff0197;\"> 2.<\/span> L\u2019incitation \u00e0 la violence, aux crimes, aux agressions sexuelles, au suicide, au terrorisme, \u00e0 l\u2019usage des armes, aux vols,\u2026<\/p>\n<p style=\"text-align: center;\"><span style=\"color: #ff0197;\"> 3.<\/span> La n\u00e9gation des crimes contre l\u2019humanit\u00e9 et l\u2019apologie de crimes de guerre.<\/p>\n<p style=\"text-align: center;\"><span style=\"color: #ff0197;\"> 4.<\/span> La diffamation et tout ce qui porte atteinte \u00e0 l\u2019honneur d\u2019une personne.<\/p>\n<p style=\"text-align: center;\"><span style=\"color: #ff0197;\"> 5.<\/span> L\u2019incitation au piratage informatique (envoi de liens malicieux y compris).<\/p>\n<p style=\"text-align: center;\"><span style=\"color: #ff0197;\"> 6.<\/span> L\u2019incitation \u00e0 la consommation de drogues ou d\u2019alcool.<\/p>\n<p style=\"text-align: center;\"><span style=\"color: #ff0197;\"> 7.<\/span> Les propos ayant trait aux religions, les allusions sexistes et homophobes.<\/p>\n<p style=\"text-align: center;\"><span style=\"color: #ff0197;\"> 8.<\/span> L\u2019envoi d\u2019images choquantes, pornographiques, p\u00e9dophiles.<\/p>\n<p style=\"text-align: center;\"><span style=\"color: #ff0197;\"> 9.<\/span> Les messages professionnels ou commerciaux (publicit\u00e9, prospection, racolage ou prostitution).<\/p>\n<p style=\"text-align: center;\"><span style=\"color: #ff0197;\"> 10.<\/span> L\u2019exhibition des parties g\u00e9nitales. Le sexe y est interdit.<\/p>\n<p style=\"text-align: center;\"><span style=\"color: #ff0197;\"> 11.<\/span> Il est STRICTEMENT interdit de d\u00e9voiler des informations personnelles sur les salons publics.<\/p>\n<p style=\"text-align: center;\"><span style=\"color: #ff0197;\"> 12.<\/span> Les messages contenant des coordonn\u00e9es priv\u00e9es.<\/p>\n<h3 style=\"background: #ff0197; border: 2px solid #ff0197; color: white; text-align: center;\">A LIRE OBLIGATOIREMENT<\/h3>\n<p style=\"text-align: center;\">Ce Chat devra rester en toute circonstance un espace de respect et de courtoisie !<\/p>\n<p style=\"text-align: center;\">Vous allez acc\u00e9der \u00e0 un chat texte associ\u00e9; \u00e0 la diffusion de flux vid\u00e9o et audio en temps r\u00e9el, sans stockage sur nos serveurs.<\/p>\n<p style=\"text-align: center;\">Ce qui signifie que l\u2019\u00e9diteur de ce site ne conserve aucun des sons, images et textes diffus\u00e9s sur ce chat.<\/p>\n<p style=\"text-align: center;\"><b><span style=\"color: #ff0197;\">Il est strictement interdit d\u2019utiliser le chat disponible sur le site Tchat-Delire.fr si vous \u00eates \u00e2g\u00e9 de moins de 18 ans<\/span><\/b><\/p>\n<p style=\"text-align: center;\">Tchat-Delire.fr ne peut \u00eatre tenu responsable du contenu des conversations\u2026 Les messages et les images envoy\u00e9s sont la propri\u00e9t\u00e9 de leurs auteurs.<\/p>\n<p style=\"text-align: center;\">Lorsque vous acceptez de brancher votre micro et\/ou votre webcam, vous acceptez que des tiers et notamment d\u2019autres chatteurs aient la facult\u00e9 de vous lire, de vous entendre et de vous voir et que par des moyens qui leurs sont propres, soient en mesure de capturer et de stocker pour leur usage personnel, vos messages \u00e9crits, sons et images\u2026<\/p>\n<p style=\"text-align: center;\">De ce fait, vous reconnaissez \u00eatre responsable de vos paroles et de vos actes et que l\u2019\u00e9diteur du site Tchat-Delire.fr ne peut \u00eatre tenu responsable de l\u2019\u00e9ventuel usage qui pourrait en \u00eatre fait.<\/p>\n<p style=\"text-align: center;\">Cependant le site Tchat-Delire.fr d\u00e9sapprouve et interdit formellement la captation ainsi que l\u2019utilisation non autoris\u00e9e de l\u2019image d\u2019un tiers et sa diffusion.<\/p>\n<p style=\"text-align: center;\">Des sanctions pourront \u00eatre prises \u00e0 l\u2019encontre des utilisateurs ne respectant pas les r\u00e8gles de ce chat.<\/p>\n<p style=\"text-align: center;\">En cas de r\u00e9cidive ou probl\u00e8me majeur, nous nous r\u00e9serverons le droit d\u2019entamer des poursuites judiciaire.<\/p>\n<p style=\"text-align: center;\">Ces r\u00e8gles sont susceptible de changer \u00e0 tout moment, merci de venir r\u00e9guli\u00e8rement les consulter.<\/p>\n<p style=\"text-align: center;\">Bon TChat \u00e0 tous !<\/p>\n<h3 style=\"background: #ff0197; border: 2px solid #ff0197; color: white; text-align: center;\">REGLES DE CONFIDENTIALITE<\/h3>\n<p style=\"text-align: center;\"><span style=\"color: #ff0197;\"><b>Avertissement Google Analytic<\/b><\/span><\/p>\n<p style=\"text-align: center;\">\u00ab Ce site utilise Google Analytics, un service d\u2019analyse de site internet fourni par Google Inc. (\u00ab Google \u00bb). Google Analytics utilise des cookies , qui sont des fichiers texte plac\u00e9s sur votre ordinateur, pour aider le site internet \u00e0 analyser l\u2019utilisation du site par ses utilisateurs. Les donn\u00e9es g\u00e9n\u00e9r\u00e9es par les cookies concernant votre utilisation du site (y compris votre adresse IP) seront transmises et stock\u00e9es par Google sur des serveurs situ\u00e9s aux Etats-Unis. Google utilisera cette information dans le but d\u2019\u00e9valuer votre utilisation du site, de compiler des rapports sur l\u2019activit\u00e9 du site \u00e0 destination de son \u00e9diteur et de fournir d\u2019autres services relatifs \u00e0 l\u2019activit\u00e9 du site et \u00e0 l\u2019utilisation d\u2019Internet. Google est susceptible de communiquer ces donn\u00e9es \u00e0 des tiers en cas d\u2019obligation l\u00e9gale ou lorsque ces tiers traitent ces donn\u00e9es pour le compte de Google, y compris notamment l\u2019\u00e9diteur de ce site. Google ne recoupera pas votre adresse IP avec toute autre donn\u00e9e d\u00e9tenue par Google. Vous pouvez d\u00e9sactiver l\u2019utilisation de cookies en s\u00e9lectionnant les param\u00e8tres appropri\u00e9s de votre navigateur. Cependant, une telle d\u00e9sactivation pourrait emp\u00eacher l\u2019utilisation de certaines fonctionnalit\u00e9s de ce site. En utilisant ce site internet, vous consentez express\u00e9ment au traitement de vos donn\u00e9es nominatives par Google dans les conditions et pour les finalit\u00e9s d\u00e9crites ci-dessus. \u00bb<\/p>\n<p style=\"text-align: center;\"><span style=\"color: #ff0197;\"><b>Comment nous prot\u00e9geons vos renseignements<\/b><\/span><\/p>\n<p style=\"text-align: center;\">Nous adoptons une collecte appropri\u00e9 des donn\u00e9es, de stockage et les pratiques de traitement et les mesures de s\u00e9curit\u00e9 pour prot\u00e9ger contre tout acc\u00e8s non autoris\u00e9, alt\u00e9ration, la diffusion ou la destruction de vos informations personnelles, nom d\u2019utilisateur, mot de passe, informations sur les transactions et les donn\u00e9es stock\u00e9es sur notre site.<\/p>\n<p style=\"text-align: center;\"><span style=\"color: #ff0197;\"><b>Le partage de vos renseignements personnels <\/b><\/span><\/p>\n<p style=\"text-align: center;\">Nous vendons et ne fournissons aucune information personnelle des utilisateurs \u00e0 des tiers. Nous pouvons partager des informations g\u00e9n\u00e9riques des donn\u00e9es d\u00e9mographiques mais n\u2019est li\u00e9 \u00e0 aucune information d\u2019identification personnelle sur les visiteurs et les utilisateurs avec nos partenaires de confiance, affili\u00e9s et les annonceurs pour les raisons d\u00e9crites ci-dessus. Nous utilisons des fournisseurs de services tiers pour nous aider \u00e0 exploiter notre entreprise et le site ou g\u00e9rer des activit\u00e9s en notre nom, telles que l\u2019envoi des bulletins d\u2019information ou d\u2019enqu\u00eates. Nous pouvons partager vos informations avec des tiers \u00e0 ces fins limit\u00e9es \u00e0 condition que vous nous avez donn\u00e9 votre autorisation.<\/p>\n<p style=\"text-align: center;\"><span style=\"color: #ff0197;\"><b>Sites Web de tiers <\/b><\/span><\/p>\n<p style=\"text-align: center;\">Les utilisateurs peuvent trouver de la publicit\u00e9 ou autre contenu sur notre site qui pointent vers les sites et services de nos partenaires, fournisseurs, annonceurs, sponsors, donneurs de licences et d\u2019autres tierces parties. Nous ne contr\u00f4lons pas le contenu ou les liens qui apparaissent sur ces sites et ne sont pas responsable des pratiques employ\u00e9es par les sites Web li\u00e9s \u00e0 ou de notre site. En outre, ces sites ou les services, y compris leur contenu et les liens, peut \u00eatre en constante \u00e9volution. Ces sites et les services peuvent avoir leurs propres politiques de confidentialit\u00e9 et des politiques service \u00e0 la client\u00e8le. La navigation et l\u2019interaction sur tout autre site Web, y compris les sites Web qui ont un lien vers notre site, est soumise aux conditions propres de ce site web et les politiques.<\/p>\n<p style=\"text-align: center;\"><span style=\"color: #ff0197;\"><b>Publicit\u00e9<\/b><\/span><\/p>\n<p style=\"text-align: center;\">Les annonces apparaissant sur notre site peuvent \u00eatre livr\u00e9s aux utilisateurs par les partenaires publicitaires, qui peuvent cr\u00e9er des cookies. Ces cookies permettent au serveur publicitaire de reconna\u00eetre votre ordinateur chaque fois qu\u2019ils vous envoient une publicit\u00e9 en ligne pour compiler les informations d\u2019identification non personnelles sur vous ou d\u2019autres qui utilisent votre ordinateur. Cette information permet aux r\u00e9seaux ad, entre autres choses, fournir des publicit\u00e9s cibl\u00e9es que nous jugeons \u00eatre les plus int\u00e9ressantes pour vous. Cette politique de confidentialit\u00e9 ne couvre pas l\u2019utilisation de cookies par les annonceurs.<\/p>\n<p style=\"text-align: center;\"><span style=\"color: #ff0197;\"><b>Conformit\u00e9 avec la loi de l\u2019enfant sur la protection de la vie priv\u00e9e en ligne<\/b><\/span><\/p>\n<p style=\"text-align: center;\">Prot\u00e9ger la vie priv\u00e9e des tr\u00e8s jeunes est particuli\u00e8rement important.<\/p>\n<p style=\"text-align: center;\">Pour cette raison, nous ne recueillons aucune information de toute personne de moins de 16 ans et aucune partie de notre site et services sont con\u00e7ues pour attirer les moins de 16 ans.<\/p>\n<p style=\"text-align: center;\"><span style=\"color: #ff0197;\"><b>Changements \u00e0 cette politique de confidentialit\u00e9s<\/b><\/span><\/p>\n<p style=\"text-align: center;\">Tchat-Delire.fr a le pouvoir discr\u00e9tionnaire de mettre \u00e0 jour cette politique de confidentialit\u00e9 \u00e0 tout moment. Quand nous faisons, nous allons r\u00e9viser la date mise \u00e0 jour au bas de cette page. Nous encourageons les utilisateurs \u00e0 consulter r\u00e9guli\u00e8rement cette page pour tout changement de rester inform\u00e9 de comment nous vous aidons \u00e0 prot\u00e9ger les informations personnelles que nous collectons. Vous reconnaissez et acceptez qu\u2019il est de votre responsabilit\u00e9 de r\u00e9viser cette politique de confidentialit\u00e9 p\u00e9riodiquement et prendre conscience de modifications.<\/p>\n<p style=\"text-align: center;\"><span style=\"color: #ff0197;\"><b>Votre acceptation de ces termes<\/b><\/span><\/p>\n<p style=\"text-align: center;\">En utilisant ce site, vous signifiez votre acceptation de cette politique et Conditions d\u2019utilisation. Si vous n\u2019acceptez pas cette politique, s\u2019il vous pla\u00eet ne pas utiliser notre site. Votre utilisation continue du site apr\u00e8s l\u2019affichage des changements \u00e0 cette politique sera consid\u00e9r\u00e9e comme votre acceptation de ces changements.<\/p>\t\t\t\t\t\t\t\t<\/div>\n\t\t\t\t<\/div>\n\t\t<div class=\"elementor-element elementor-element-cd94a40 e-con-full e-flex e-con e-parent\" data-id=\"cd94a40\" data-element_type=\"container\" data-e-type=\"container\">\n\t\t\t\t<div class=\"elementor-element elementor-element-ce9695b elementor-widget elementor-widget-google_maps\" data-id=\"ce9695b\" data-element_type=\"widget\" data-e-type=\"widget\" data-widget_type=\"google_maps.default\">\n\t\t\t\t\t\t\t<div class=\"elementor-custom-embed\">\n\t\t\t<iframe loading=\"lazy\"\n\t\t\t\t\tsrc=\"https:\/\/maps.google.com\/maps?q=europe&#038;t=m&#038;z=5&#038;output=embed&#038;iwloc=near\"\n\t\t\t\t\ttitle=\"europe\"\n\t\t\t\t\taria-label=\"europe\"\n\t\t\t><\/iframe>\n\t\t<\/div>\n\t\t\t\t\t\t<\/div>\n\t\t\t\t<\/div>\n\t\t\t\t<\/div>\n\t\t","protected":false},"excerpt":{"rendered":"<p>N\u00e9tiquette De Notre Site CONDITIONS D&rsquo;UTILISATIONS Tchat-Delire.fr \u00e0 l\u2019 adresse http:\/\/www.Tchat-Delire.fr est d\u2019abord et avant tout un site de divertissement et de d\u00e9tente pour tout public avec r\u00e9seau social,tchat, blogs, vid\u00e9os, photos,\u00e9v\u00e8nements etc\u2026 Tchat-Delire.fr est libre de modifier, \u00e0 tout moment, les pr\u00e9sentes CGU (Conditions G\u00e9n\u00e9rales d\u2019Utilisation), afin notamment de prendre en compte toute \u00e9volution [&hellip;]<\/p>\n","protected":false},"author":1,"featured_media":0,"parent":0,"menu_order":0,"comment_status":"closed","ping_status":"closed","template":"elementor_header_footer","meta":{"footnotes":""},"class_list":["post-255","page","type-page","status-publish","hentry"],"_links":{"self":[{"href":"https:\/\/www.tchat-delire.fr\/dating\/wp-json\/wp\/v2\/pages\/255","targetHints":{"allow":["GET"]}}],"collection":[{"href":"https:\/\/www.tchat-delire.fr\/dating\/wp-json\/wp\/v2\/pages"}],"about":[{"href":"https:\/\/www.tchat-delire.fr\/dating\/wp-json\/wp\/v2\/types\/page"}],"author":[{"embeddable":true,"href":"https:\/\/www.tchat-delire.fr\/dating\/wp-json\/wp\/v2\/users\/1"}],"replies":[{"embeddable":true,"href":"https:\/\/www.tchat-delire.fr\/dating\/wp-json\/wp\/v2\/comments?post=255"}],"version-history":[{"count":4,"href":"https:\/\/www.tchat-delire.fr\/dating\/wp-json\/wp\/v2\/pages\/255\/revisions"}],"predecessor-version":[{"id":259,"href":"https:\/\/www.tchat-delire.fr\/dating\/wp-json\/wp\/v2\/pages\/255\/revisions\/259"}],"wp:attachment":[{"href":"https:\/\/www.tchat-delire.fr\/dating\/wp-json\/wp\/v2\/media?parent=255"}],"curies":[{"name":"wp","href":"https:\/\/api.w.org\/{rel}","templated":true}]}}