{"id":346,"date":"2023-12-08T17:13:15","date_gmt":"2023-12-08T15:13:15","guid":{"rendered":"https:\/\/www.tchat-delire.fr\/espace-membre\/?page_id=346"},"modified":"2023-12-08T17:13:50","modified_gmt":"2023-12-08T15:13:50","slug":"tchat-gratuit","status":"publish","type":"page","link":"https:\/\/www.tchat-delire.fr\/espace-membre\/tchat-gratuit\/","title":{"rendered":"Tchat Gratuit"},"content":{"rendered":"\t\t<div data-elementor-type=\"wp-page\" data-elementor-id=\"346\" class=\"elementor elementor-346\" data-elementor-post-type=\"page\">\n\t\t\t\t<div class=\"elementor-element elementor-element-9f68336 e-flex e-con-boxed e-con e-parent\" data-id=\"9f68336\" data-element_type=\"container\" data-e-type=\"container\">\n\t\t\t\t\t<div class=\"e-con-inner\">\n\t\t\t\t<div class=\"elementor-element elementor-element-188008f elementor-widget elementor-widget-image\" data-id=\"188008f\" data-element_type=\"widget\" data-e-type=\"widget\" data-widget_type=\"image.default\">\n\t\t\t\t<div class=\"elementor-widget-container\">\n\t\t\t\t\t\t\t\t\t\t\t\t\t\t\t<img fetchpriority=\"high\" decoding=\"async\" width=\"1030\" height=\"135\" src=\"https:\/\/www.tchat-delire.fr\/espace-membre\/wp-content\/uploads\/2023\/10\/headerhaut-wordpress-1030x135.png\" class=\"attachment-large size-large wp-image-152\" alt=\"Headerhaut Wordpress 1030x135\" srcset=\"https:\/\/www.tchat-delire.fr\/espace-membre\/wp-content\/uploads\/2023\/10\/headerhaut-wordpress-1030x135.png 1030w, https:\/\/www.tchat-delire.fr\/espace-membre\/wp-content\/uploads\/2023\/10\/headerhaut-wordpress-300x39.png 300w, https:\/\/www.tchat-delire.fr\/espace-membre\/wp-content\/uploads\/2023\/10\/headerhaut-wordpress-768x101.png 768w, https:\/\/www.tchat-delire.fr\/espace-membre\/wp-content\/uploads\/2023\/10\/headerhaut-wordpress-1536x202.png 1536w, https:\/\/www.tchat-delire.fr\/espace-membre\/wp-content\/uploads\/2023\/10\/headerhaut-wordpress-1500x197.png 1500w, https:\/\/www.tchat-delire.fr\/espace-membre\/wp-content\/uploads\/2023\/10\/headerhaut-wordpress-705x93.png 705w, https:\/\/www.tchat-delire.fr\/espace-membre\/wp-content\/uploads\/2023\/10\/headerhaut-wordpress.png 1920w\" sizes=\"(max-width: 1030px) 100vw, 1030px\" title=\"Tchat Gratuit\">\t\t\t\t\t\t\t\t\t\t\t\t\t\t\t<\/div>\n\t\t\t\t<\/div>\n\t\t\t\t\t<\/div>\n\t\t\t\t<\/div>\n\t\t<div class=\"pp-bg-effects pp-bg-effects-6b44a434 elementor-element elementor-element-6b44a434 pp-bg-effects-yes e-con-full e-flex e-con e-parent\" data-section-id=\"6b44a434\" data-effect-enable=\"yes\" data-animation-type=\"bubble\" data-canvas-opacity=\"1\" data-hide-max-width=\"none\" data-hide-min-width=\"none\" data-part-color=\"#ED8393\" data-line-color=\"\" data-line-h-color=\"\" data-part-opacity=\"\" data-rand-opacity=\"1\" data-quantity=\"\" data-part-size=\"\" data-part-speed=\"\" data-part-direction=\"none\" data-hover-effect=\"noeffect\" data-hover-size=\"\" data-id=\"6b44a434\" data-element_type=\"container\" data-e-type=\"container\" data-settings=\"{&quot;pp_background_effects_enable&quot;:&quot;yes&quot;,&quot;part_rand_opacity&quot;:&quot;true&quot;,&quot;effect_hide_tablet&quot;:&quot;label_off&quot;,&quot;effect_hide_mobile&quot;:&quot;label_off&quot;}\">\n\t\t<div class=\"elementor-element elementor-element-739a81d2 e-con-full e-flex e-con e-child\" data-id=\"739a81d2\" data-element_type=\"container\" data-e-type=\"container\">\n\t\t\t\t<div class=\"elementor-element elementor-element-27a3e361 elementor-widget elementor-widget-heading\" data-id=\"27a3e361\" data-element_type=\"widget\" data-e-type=\"widget\" data-widget_type=\"heading.default\">\n\t\t\t\t<div class=\"elementor-widget-container\">\n\t\t\t\t\t<h1 class=\"elementor-heading-title elementor-size-default\">Inscription 100% Gratuite<\/h1>\t\t\t\t<\/div>\n\t\t\t\t<\/div>\n\t\t\t\t<div class=\"elementor-element elementor-element-8f8ee48 elementor-widget elementor-widget-text-editor\" data-id=\"8f8ee48\" data-element_type=\"widget\" data-e-type=\"widget\" data-widget_type=\"text-editor.default\">\n\t\t\t\t<div class=\"elementor-widget-container\">\n\t\t\t\t\t\t\t\t\t<p style=\"text-align: center;\"><span style=\"color: #000000;\">Inscrivez-Vous <\/span><\/p><p style=\"text-align: center;\"><span style=\"color: #000000;\">Pour Avoir Plus De Chance De Faire Des Rencontres Sur Notre Tchat En Direct Live<\/span><\/p>\t\t\t\t\t\t\t\t<\/div>\n\t\t\t\t<\/div>\n\t\t\t\t<div class=\"elementor-element elementor-element-49543ce6 elementor-widget elementor-widget-shortcode\" data-id=\"49543ce6\" data-element_type=\"widget\" data-e-type=\"widget\" data-widget_type=\"shortcode.default\">\n\t\t\t\t<div class=\"elementor-widget-container\">\n\t\t\t\t\t\t\t<div class=\"elementor-shortcode\"><center>\n<div class=\"um um-register um-24\">\n\t<div class=\"um-form\" data-mode=\"register\">\n\t\t<form method=\"post\" action=\"\">\n\t\t\t<div class=\"um-row _um_row_1 \" style=\"margin: 0 0 30px 0;\"><div class=\"um-col-1\"><div  id=\"um_field_24_user_login\" class=\"um-field um-field-text  um-field-user_login um-field-text um-field-type_text\" data-key=\"user_login\"><div class=\"um-field-label\"><label for=\"user_login-24\">Pseudonyme<span class=\"um-req\" title=\"Obligatoire\">*<\/span><\/label><div class=\"um-clear\"><\/div><\/div><div class=\"um-field-area\"><input  autocomplete=\"off\" class=\"um-form-field valid \" type=\"text\" name=\"user_login-24\" id=\"user_login-24\" value=\"\" placeholder=\"\" data-validate=\"unique_username\" data-key=\"user_login\"  aria-invalid=\"false\" \/>\n\n\t\t\t\t\t\t<\/div><\/div><div  id=\"um_field_24_first_name\" class=\"um-field um-field-text  um-field-first_name um-field-text um-field-type_text\" data-key=\"first_name\"><div class=\"um-field-label\"><label for=\"first_name-24\">Pr\u00e9nom<span class=\"um-req\" title=\"Obligatoire\">*<\/span><\/label><div class=\"um-clear\"><\/div><\/div><div class=\"um-field-area\"><input  autocomplete=\"off\" class=\"um-form-field valid \" type=\"text\" name=\"first_name-24\" id=\"first_name-24\" value=\"\" placeholder=\"\" data-validate=\"\" data-key=\"first_name\"  aria-invalid=\"false\" \/>\n\n\t\t\t\t\t\t<\/div><\/div><div  id=\"um_field_24_last_name\" class=\"um-field um-field-text  um-field-last_name um-field-text um-field-type_text\" data-key=\"last_name\"><div class=\"um-field-label\"><label for=\"last_name-24\">Nom<span class=\"um-req\" title=\"Obligatoire\">*<\/span><\/label><div class=\"um-clear\"><\/div><\/div><div class=\"um-field-area\"><input  autocomplete=\"off\" class=\"um-form-field valid \" type=\"text\" name=\"last_name-24\" id=\"last_name-24\" value=\"\" placeholder=\"\" data-validate=\"\" data-key=\"last_name\"  aria-invalid=\"false\" \/>\n\n\t\t\t\t\t\t<\/div><\/div><div  id=\"um_field_24_user_email\" class=\"um-field um-field-text  um-field-user_email um-field-text um-field-type_text\" data-key=\"user_email\"><div class=\"um-field-label\"><label for=\"user_email-24\">E-mail Valide<span class=\"um-req\" title=\"Obligatoire\">*<\/span><\/label><div class=\"um-clear\"><\/div><\/div><div class=\"um-field-area\"><input  autocomplete=\"off\" class=\"um-form-field valid \" type=\"text\" name=\"user_email-24\" id=\"user_email-24\" value=\"\" placeholder=\"\" data-validate=\"unique_email\" data-key=\"user_email\"  aria-invalid=\"false\" \/>\n\n\t\t\t\t\t\t<\/div><\/div><div  id=\"um_field_24_user_password\" class=\"um-field um-field-password  um-field-user_password um-field-password um-field-type_password\" data-key=\"user_password\"><div class=\"um-field-label\"><label for=\"user_password-24\">Mot De Passe<span class=\"um-req\" title=\"Obligatoire\">*<\/span><\/label><div class=\"um-clear\"><\/div><\/div><div class=\"um-field-area\"><input class=\"um-form-field valid \" type=\"password\" name=\"user_password-24\" id=\"user_password-24\" value=\"\" placeholder=\"\" data-validate=\"\" data-key=\"user_password\"  aria-invalid=\"false\" \/>\n\n\t\t\t\t\t\t\t<\/div><\/div><div  id=\"um_field_24_confirm_user_password\" class=\"um-field um-field-password  um-field-user_password um-field-password um-field-type_password\" data-key=\"confirm_user_password\"><div class=\"um-field-label\"><label for=\"confirm_user_password-24\">Confirmer le Mot De Passe<span class=\"um-req\" title=\"Obligatoire\">*<\/span><\/label><div class=\"um-clear\"><\/div><\/div><div class=\"um-field-area\"><input class=\"um-form-field valid \" type=\"password\" name=\"confirm_user_password-24\" id=\"confirm_user_password-24\" value=\"\" placeholder=\"Confirmer le Mot De Passe\" data-validate=\"\" data-key=\"confirm_user_password\"  aria-invalid=\"false\" \/><\/div><\/div><div  id=\"um_field_24_photos\" class=\"um-field um-field-image  um-field-photos um-field-image um-field-type_image\" data-key=\"photos\" data-mode=\"register\" data-upload-label=\"T\u00e9l\u00e9verser\"><input type=\"hidden\" name=\"photos-24\" id=\"photos-24\" value=\"\"  aria-invalid=\"false\" \/><div class=\"um-field-label\"><div class=\"um-field-label-icon\"><i class=\"1\" aria-label=\"Photo De Profil\"><\/i><\/div><label for=\"photos-24\">Photo De Profil<span class=\"um-req\" title=\"Obligatoire\">*<\/span><\/label><div class=\"um-clear\"><\/div><\/div><div class=\"um-field-area\" style=\"text-align: center;\"><div class=\"um-single-image-preview \" data-crop=\"0\" data-key=\"photos\"><a href=\"javascript:void(0);\" class=\"cancel\"><i class=\"um-icon-close\"><\/i><\/a><img decoding=\"async\" class=\"fusion-lazyload-ignore\" src=\"\" alt=\"\" \/><div class=\"um-clear\"><\/div><\/div><a href=\"javascript:void(0);\" data-modal=\"um_upload_single\" data-modal-size=\"normal\" data-modal-copy=\"1\" class=\"um-button um-btn-auto-width\">T\u00e9l\u00e9verser<\/a><\/div><div class=\"um-modal-hidden-content\"><div class=\"um-modal-header\"> Photo De Profil<\/div><div class=\"um-modal-body\"><div class=\"um-single-image-preview \"  data-crop=\"0\" data-ratio=\"1\" data-min_width=\"\" data-min_height=\"\" data-coord=\"\"><a href=\"javascript:void(0);\" class=\"cancel\"><i class=\"um-icon-close\"><\/i><\/a><img decoding=\"async\" class=\"fusion-lazyload-ignore\" src=\"\" alt=\"\" \/><div class=\"um-clear\"><\/div><\/div><div class=\"um-clear\"><\/div><div class=\"um-single-image-upload\" data-user_id=\"\" data-nonce=\"e5730e63e3\" data-timestamp=\"1775563246\"  data-set_id=\"24\" data-set_mode=\"register\" data-type=\"image\" data-key=\"photos\" data-max_size=\"999999999\" data-max_size_error=\"Cette image est trop volumineuse\u00a0!\" data-min_size_error=\"Cette image est trop petite\u00a0!\" data-extension_error=\"D\u00e9sole, cette image n\u2019est pas valide.\"  data-allowed_types=\"png,jpeg,jpg,gif\" data-upload_text=\"Glisser-d\u00e9poser une photo\" data-max_files_error=\"Vous ne pouvez t\u00e9l\u00e9verser qu\u2019une seule image\" data-upload_help_text=\"\">T\u00e9l\u00e9verser<\/div><div class=\"um-modal-footer\">\n\t\t\t\t\t\t\t\t\t<div class=\"um-modal-right\">\n\t\t\t\t\t\t\t\t\t\t<a href=\"javascript:void(0);\" class=\"um-modal-btn um-finish-upload image disabled\" data-key=\"photos\" data-change=\"Modifier la photo\" data-processing=\"En cours\u2026\">Appliquer<\/a>\n\t\t\t\t\t\t\t\t\t\t<a href=\"javascript:void(0);\" class=\"um-modal-btn alt\" data-action=\"um_remove_modal\"> Annuler<\/a>\n\t\t\t\t\t\t\t\t\t<\/div>\n\t\t\t\t\t\t\t\t\t<div class=\"um-clear\"><\/div>\n\t\t\t\t\t\t\t\t<\/div><\/div><\/div><\/div><\/div><\/div>\t<input type=\"hidden\" name=\"form_id\" id=\"form_id_24\" value=\"24\" \/>\n\t\t<p class=\"um_request_name\">\n\t\t<label for=\"um_request_24\">Only fill in if you are not human<\/label>\n\t\t<input type=\"hidden\" name=\"um_request\" id=\"um_request_24\" class=\"input\" value=\"\" size=\"25\" autocomplete=\"off\" \/>\n\t<\/p>\n\t<input type=\"hidden\" id=\"_wpnonce\" name=\"_wpnonce\" value=\"a7c1527929\" \/><input type=\"hidden\" name=\"_wp_http_referer\" value=\"\/espace-membre\/wp-json\/wp\/v2\/pages\/346\" \/>\n\t<div class=\"um-col-alt\">\n\n\t\t\n\t\t\t<div class=\"um-left um-half\">\n\t\t\t\t<input type=\"submit\" value=\"S\u2019inscrire\" class=\"um-button\" id=\"um-submit-btn\" \/>\n\t\t\t<\/div>\n\t\t\t<div class=\"um-right um-half\">\n\t\t\t\t<a href=\"https:\/\/www.tchat-delire.fr\/espace-membre\/login\/\" class=\"um-button um-alt\">\n\t\t\t\t\tConnexion\t\t\t\t<\/a>\n\t\t\t<\/div>\n\n\t\t\n\t\t<div class=\"um-clear\"><\/div>\n\n\t<\/div>\n\n\t\t\t<\/form>\n\t<\/div>\n<\/div>\n<style>\n\t\t\t.um-24.um {\n\t\t\tmax-width: 450px;\n\t\t}\n\t\t<\/style>\n<\/center><\/div>\n\t\t\t\t\t\t<\/div>\n\t\t\t\t<\/div>\n\t\t\t\t<\/div>\n\t\t<div class=\"elementor-element elementor-element-ef26809 e-con-full e-flex e-con e-child\" data-id=\"ef26809\" data-element_type=\"container\" data-e-type=\"container\">\n\t\t\t\t<div class=\"elementor-element elementor-element-29dbe86f elementor-widget elementor-widget-html\" data-id=\"29dbe86f\" data-element_type=\"widget\" data-e-type=\"widget\" data-widget_type=\"html.default\">\n\t\t\t\t<div class=\"elementor-widget-container\">\n\t\t\t\t\t<style>\r\n@import url('https:\/\/fonts.googleapis.com\/css2?family=Roboto&display=swap');\r\nbody{\r\n  display: flex;\r\n  justify-content:center;\r\n  flex-direction: columns;\r\n  align-items: center;\r\n  background-color: #f5f5f5;\r\n  font-family: 'Roboto', sans-serif;\r\n}\r\nform {\r\n  margin-top: 20px;\r\n\tbackground-color: rgba(254, 162, 178);\r\n  padding: 40px 60px;\r\n  border-radius: 10px;\r\n  min-width: 300px;\r\n}\r\nform h1{\r\n  color: #ffffff;\r\n  text-align:center;\r\n}\r\n\r\nform button{\r\n  padding: 15px 15px;\r\n  border-radius: 5px;\r\n  border:none;\r\n  font-size: 15px;\r\n  background-color: #FFFFFF;\r\n  outline:none;\r\n  cursor:pointer;\r\n}\r\nform input\r\n{\r\n  display: flex;\r\n  flex-direction: column;\r\n  height: 40px;\r\n  width: 250px;\r\n}\r\n<\/style>\r\n\r\n<section id=\"chatLogin\" class=\"vh-50\">\r\n  <form id=\"form1\" name=\"form1\" method=\"post\" action=\"https:\/\/tchattons.com\/test1.php\" target=\"_blank\">\r\n<h1 style=\"color:#7d6a91;\">Connexion Au Tchat<\/h1>   \r\n<div class=\"inputs\" align=\"center\">\r\n<select class=\"form-control search_fields\" id=\"sexe\" name=\"sexe\" style=\"size:1; width: 250px;\" required>\r\n<option value=\"\">\u2606  Vous \u00cates<\/option>\r\n<option value=\"F\"><strong for=\"sexeF\" class=\"required\">&#128105; Une Femme<\/strong><\/option>\r\n<option value=\"M\"><strong for=\"sexeM\" class=\"required\">&#128104; Un Homme<\/strong><\/option>\r\n<option value=\"U\"><strong for=\"sexeU\" class=\"required\">&#10067; Un Inconnu<\/strong><\/option>\r\n<\/select>\r\n<input class=\"form-control search_fields\" type=\"nick\" name=\"nick\" placeholder=\"\u2606 Votre Pseudo\" required>\r\n<br\/>\r\n<input class=\"form-control search_fields\" name=\"cleirc\" type=\"password\" id=\"cleirc\"  placeholder=\"\u2606 Votre Cl\u00e9IRC\" autocomplete=\"on\" style=\"size:1; width: 250px;\"\/>\r\n<input class=\"form-control search_fields\" type=\"number\" name=\"age\" min=\"16\" max=\"90\" placeholder=\"\u2606 Votre Age\" style=\"size:1; width: 250px;\" required>\r\n<input class=\"form-control search_fields\" name=\"ville\" id=\"ville\" placeholder=\"\u2606 Votre R\u00e9gion\" required>\r\n<br\/>\r\n<button type=\"submit\" class=\"bouton\" id=\"Valider\"><img decoding=\"async\" alt=\"Tchatter\" src=\"https:\/\/www.tchat-delire.fr\/images\/tchatter.gif\" width=\"300px\" height=\"50px\" title=\"Tchat Gratuit\"><\/button>\r\n    <\/div>\r\n  <\/form>\r\n<\/section>\t\t\t\t<\/div>\n\t\t\t\t<\/div>\n\t\t\t\t<div class=\"elementor-element elementor-element-11241def elementor-widget elementor-widget-image\" data-id=\"11241def\" data-element_type=\"widget\" data-e-type=\"widget\" data-widget_type=\"image.default\">\n\t\t\t\t<div class=\"elementor-widget-container\">\n\t\t\t\t\t\t\t\t\t\t\t\t\t\t\t<img decoding=\"async\" width=\"945\" height=\"656\" src=\"https:\/\/www.tchat-delire.fr\/espace-membre\/wp-content\/uploads\/2023\/12\/2a27dde.png\" class=\"attachment-large size-large wp-image-307\" alt=\"2a27dde\" srcset=\"https:\/\/www.tchat-delire.fr\/espace-membre\/wp-content\/uploads\/2023\/12\/2a27dde.png 945w, https:\/\/www.tchat-delire.fr\/espace-membre\/wp-content\/uploads\/2023\/12\/2a27dde-300x208.png 300w, https:\/\/www.tchat-delire.fr\/espace-membre\/wp-content\/uploads\/2023\/12\/2a27dde-768x533.png 768w, https:\/\/www.tchat-delire.fr\/espace-membre\/wp-content\/uploads\/2023\/12\/2a27dde-705x489.png 705w\" sizes=\"(max-width: 945px) 100vw, 945px\" title=\"Tchat Gratuit\">\t\t\t\t\t\t\t\t\t\t\t\t\t\t\t<\/div>\n\t\t\t\t<\/div>\n\t\t\t\t<\/div>\n\t\t\t\t<\/div>\n\t\t<div class=\"elementor-element elementor-element-3ada4e20 e-con-full e-flex e-con e-parent\" data-id=\"3ada4e20\" data-element_type=\"container\" data-e-type=\"container\">\n\t\t\t\t<div class=\"elementor-element elementor-element-69a9a212 elementor-widget elementor-widget-text-editor\" data-id=\"69a9a212\" data-element_type=\"widget\" data-e-type=\"widget\" data-widget_type=\"text-editor.default\">\n\t\t\t\t<div class=\"elementor-widget-container\">\n\t\t\t\t\t\t\t\t\t<h2 style=\"text-align: center;\"><span style=\"color: #fea2b2;\">Chat Gratuit sans inscription<\/span><\/h2><p style=\"text-align: center;\">Bienvenu sur Tchat-Delire, le\u00a0tchat sans inscription gratuit! Acc\u00e9dez imm\u00e9diatement au chat en direct et commencez \u00e0 dialoguer avec les centaines de connect\u00e9s en permanence. Aucune inscription, aucune adresse email ne sont demand\u00e9es, remplissez simplement un petit formulaire, vous serrez imm\u00e9diatement connect\u00e9s au tchat gratuit sans inscription.<\/p><p style=\"text-align: center;\">Un moment de libre ? Un petit sentiment de solitude ? Pas de souci nous avons le rem\u00e8de ! l&#8217;un des plus grands salons de discussion francophones, le\u00a0tchat gratuit\u00a0et sans inscription Tchat-Delire.<\/p><h3 style=\"text-align: center;\"><span style=\"color: #fea2b2;\">Actuellement sur le tchat :\u00a02091 connect\u00e9(e)s..<\/span><\/h3><p><img decoding=\"async\" class=\"alignnone size-medium wp-image-237 aligncenter\" src=\"https:\/\/www.tchat-delire.fr\/espace-membre\/wp-content\/uploads\/2023\/12\/default-inner-header-img2-300x84.jpg\" alt=\"Default Inner Header Img2 300x84\" width=\"300\" height=\"84\" title=\"Tchat Gratuit\" srcset=\"https:\/\/www.tchat-delire.fr\/espace-membre\/wp-content\/uploads\/2023\/12\/default-inner-header-img2-300x84.jpg 300w, https:\/\/www.tchat-delire.fr\/espace-membre\/wp-content\/uploads\/2023\/12\/default-inner-header-img2-1030x287.jpg 1030w, https:\/\/www.tchat-delire.fr\/espace-membre\/wp-content\/uploads\/2023\/12\/default-inner-header-img2-768x214.jpg 768w, https:\/\/www.tchat-delire.fr\/espace-membre\/wp-content\/uploads\/2023\/12\/default-inner-header-img2-1536x429.jpg 1536w, https:\/\/www.tchat-delire.fr\/espace-membre\/wp-content\/uploads\/2023\/12\/default-inner-header-img2-1500x419.jpg 1500w, https:\/\/www.tchat-delire.fr\/espace-membre\/wp-content\/uploads\/2023\/12\/default-inner-header-img2-705x197.jpg 705w, https:\/\/www.tchat-delire.fr\/espace-membre\/wp-content\/uploads\/2023\/12\/default-inner-header-img2.jpg 1903w\" sizes=\"(max-width: 300px) 100vw, 300px\" \/><\/p><h4 style=\"text-align: center;\"><br \/><span style=\"color: #fea2b2;\">rejoignez-les, \u00e7a ne prendra qu&#8217;une poign\u00e9e de secondes !<\/span><\/h4><p style=\"text-align: center;\">Pour faire de nouvelles connaissances, trouver l&#8217;amour et faire des rencontres ou dialoguer de tout et de rien avec de parfaits inconnus (dans le respect et la courtoisie bien s\u00fbr), le tchat est un rendez-vous incontournable comme pour des centaines de personnes de toute la France, ainsi que de dizaines d&#8217;autres pays, qui se connectent chaque jour sur les diff\u00e9rents salons de\u00a0tchat en ligne.<\/p><p style=\"text-align: center;\">Discuter de votre jeu pr\u00e9f\u00e9r\u00e9 avec votre \u00ab team\u00bb ou organiser des r\u00e9unions virtuelles avec vos coll\u00e8gues de travail ? Mettre en place un salon priv\u00e9, accessible uniquement sur invitation ou par mot de passe, ne prend que quelques secondes, gratuitement, sans logiciel et depuis n&#8217;importe quel navigateur sur ordinateur, t\u00e9l\u00e9phone portable, tablette ou TV connect\u00e9e, les possibilit\u00e9s sont nombreuse sur le tchat. Le tchat est pens\u00e9 pour fonctionner convenablement sur tous les supports. Par exemple, prenez votre smartphone dans les transports en commun et plongez-vous dans votre salon de tchat pr\u00e9f\u00e9r\u00e9, vous n&#8217;arriverez \u00e0 destination que bien trop vite.<\/p><h4 style=\"text-align: center;\"><span style=\"color: #fea2b2;\">Le tchat ouvert \u00e0 tous<\/span><\/h4><p style=\"text-align: center;\">Tchat-Delire est un site de tchat en ligne amical, ouvert \u00e0 toutes et \u00e0 tous.\u00a0Les jeunes et les adolescents de moins de 18 ans sont les bienvenus s&#8217;ils ont l&#8217;accord de leurs tuteurs l\u00e9gaux. Un salon sp\u00e9cial pour les 10ans-18ans est en place.<\/p><p style=\"text-align: center;\">Pour pr\u00e9server cet esprit familial et grand public, il est interdit de parler de fa\u00e7on vulgaire ou de sujets r\u00e9serv\u00e9s aux adultes, toute infraction entraine un bannissement d\u00e9finitif.<\/p>\t\t\t\t\t\t\t\t<\/div>\n\t\t\t\t<\/div>\n\t\t\t\t<\/div>\n\t\t<div class=\"elementor-element elementor-element-677ca3de e-flex e-con-boxed e-con e-parent\" data-id=\"677ca3de\" data-element_type=\"container\" data-e-type=\"container\">\n\t\t\t\t\t<div class=\"e-con-inner\">\n\t\t\t\t<div class=\"elementor-element elementor-element-216c8754 elementor-widget elementor-widget-google_maps\" data-id=\"216c8754\" data-element_type=\"widget\" data-e-type=\"widget\" data-widget_type=\"google_maps.default\">\n\t\t\t\t<div class=\"elementor-widget-container\">\n\t\t\t\t\t\t\t<div class=\"elementor-custom-embed\">\n\t\t\t<iframe loading=\"lazy\"\n\t\t\t\t\tsrc=\"https:\/\/maps.google.com\/maps?q=Paris&#038;t=m&#038;z=10&#038;output=embed&#038;iwloc=near\"\n\t\t\t\t\ttitle=\"Paris\"\n\t\t\t\t\taria-label=\"Paris\"\n\t\t\t><\/iframe>\n\t\t<\/div>\n\t\t\t\t\t\t<\/div>\n\t\t\t\t<\/div>\n\t\t\t\t\t<\/div>\n\t\t\t\t<\/div>\n\t\t\t\t<\/div>\n\t\t","protected":false},"excerpt":{"rendered":"<p>Inscription 100% Gratuite Inscrivez-Vous Pour Avoir Plus De Chance De Faire Des Rencontres Sur Notre Tchat En Direct Live Connexion Au Tchat \u2606 Vous \u00cates&#128105; Une Femme&#128104; Un Homme&#10067; Un Inconnu Chat Gratuit sans inscription Bienvenu sur Tchat-Delire, le\u00a0tchat sans inscription gratuit! Acc\u00e9dez imm\u00e9diatement au chat en direct et commencez \u00e0 dialoguer avec les centaines [&hellip;]<\/p>\n","protected":false},"author":1,"featured_media":0,"parent":0,"menu_order":0,"comment_status":"closed","ping_status":"closed","template":"elementor_header_footer","meta":{"footnotes":""},"class_list":["post-346","page","type-page","status-publish","hentry"],"_links":{"self":[{"href":"https:\/\/www.tchat-delire.fr\/espace-membre\/wp-json\/wp\/v2\/pages\/346","targetHints":{"allow":["GET"]}}],"collection":[{"href":"https:\/\/www.tchat-delire.fr\/espace-membre\/wp-json\/wp\/v2\/pages"}],"about":[{"href":"https:\/\/www.tchat-delire.fr\/espace-membre\/wp-json\/wp\/v2\/types\/page"}],"author":[{"embeddable":true,"href":"https:\/\/www.tchat-delire.fr\/espace-membre\/wp-json\/wp\/v2\/users\/1"}],"replies":[{"embeddable":true,"href":"https:\/\/www.tchat-delire.fr\/espace-membre\/wp-json\/wp\/v2\/comments?post=346"}],"version-history":[{"count":5,"href":"https:\/\/www.tchat-delire.fr\/espace-membre\/wp-json\/wp\/v2\/pages\/346\/revisions"}],"predecessor-version":[{"id":352,"href":"https:\/\/www.tchat-delire.fr\/espace-membre\/wp-json\/wp\/v2\/pages\/346\/revisions\/352"}],"wp:attachment":[{"href":"https:\/\/www.tchat-delire.fr\/espace-membre\/wp-json\/wp\/v2\/media?parent=346"}],"curies":[{"name":"wp","href":"https:\/\/api.w.org\/{rel}","templated":true}]}}