{"id":188,"date":"2025-12-02T17:33:17","date_gmt":"2025-12-02T15:33:17","guid":{"rendered":"https:\/\/www.tchat-delire.fr\/membres\/?page_id=188"},"modified":"2025-12-02T17:33:26","modified_gmt":"2025-12-02T15:33:26","slug":"dial-a-theme","status":"publish","type":"page","link":"https:\/\/www.tchat-delire.fr\/membres\/dial-a-theme\/","title":{"rendered":"DiaL \u00e0 Th\u00e8me"},"content":{"rendered":"\t\t<div data-elementor-type=\"wp-page\" data-elementor-id=\"188\" class=\"elementor elementor-188\" data-elementor-post-type=\"page\">\n\t\t\t\t<div class=\"elementor-element elementor-element-12b7785c e-con-full e-flex e-con e-parent\" data-id=\"12b7785c\" data-element_type=\"container\" data-e-type=\"container\" data-settings=\"{&quot;background_background&quot;:&quot;classic&quot;}\">\n\t\t\t\t<div class=\"elementor-element elementor-element-72e924cc elementor-widget elementor-widget-spacer\" data-id=\"72e924cc\" data-element_type=\"widget\" data-e-type=\"widget\" data-widget_type=\"spacer.default\">\n\t\t\t\t\t\t\t<div class=\"elementor-spacer\">\n\t\t\t<div class=\"elementor-spacer-inner\"><\/div>\n\t\t<\/div>\n\t\t\t\t\t\t<\/div>\n\t\t\t\t<div class=\"elementor-element elementor-element-805b35a elementor-widget__width-initial elementor-widget elementor-widget-html\" data-id=\"805b35a\" data-element_type=\"widget\" data-e-type=\"widget\" data-widget_type=\"html.default\">\n\t\t\t\t\t<center>\r\n<iframe border='0' src='https:\/\/info-rencontre.com\/colors\/fi?ai=31460&hbg_color=%23FFFFFF&h=1&h_text=Inscription%20100%25%20Gratuite&ht_color=%23000000&b_text=CLIQUE%20ICI%20POUR%20TCHATTER%3Cbr%3E&bbg_color=%2362892c&bbg_color_hover=%2338761d&bt_color=%23ffffff&fbg_color=%2300000&jb_color=%230000ff&jbb_color=%237676f7&fb_color=%23000000&fb_size=1&bbg_color_dis=%23000000&message_color=%23000000&error_color=%23000000&sg=3' style='border: none; height: 450px; width: 100%;'><\/iframe>\r\n<\/center>\t\t\t\t<\/div>\n\t\t\t\t<\/div>\n\t\t\t\t<section class=\"elementor-section elementor-top-section elementor-element elementor-element-79c0779f section-1 elementor-section-boxed elementor-section-height-default elementor-section-height-default\" data-id=\"79c0779f\" data-element_type=\"section\" data-e-type=\"section\" data-settings=\"{&quot;background_background&quot;:&quot;gradient&quot;}\">\n\t\t\t\t\t\t<div class=\"elementor-container elementor-column-gap-default\">\n\t\t\t\t\t<div class=\"elementor-column elementor-col-33 elementor-top-column elementor-element elementor-element-5db271ae\" data-id=\"5db271ae\" data-element_type=\"column\" data-e-type=\"column\">\n\t\t\t<div class=\"elementor-widget-wrap elementor-element-populated\">\n\t\t\t\t\t\t<section class=\"elementor-section elementor-inner-section elementor-element elementor-element-31a91e6 ev-icon-box elementor-section-boxed elementor-section-height-default elementor-section-height-default\" data-id=\"31a91e6\" data-element_type=\"section\" data-e-type=\"section\" data-settings=\"{&quot;background_background&quot;:&quot;classic&quot;}\">\n\t\t\t\t\t\t<div class=\"elementor-container elementor-column-gap-default\">\n\t\t\t\t\t<div class=\"elementor-column elementor-col-100 elementor-inner-column elementor-element elementor-element-67509c20\" data-id=\"67509c20\" data-element_type=\"column\" data-e-type=\"column\">\n\t\t\t<div class=\"elementor-widget-wrap elementor-element-populated\">\n\t\t\t\t\t\t<div class=\"elementor-element elementor-element-14d62f63 elementor-widget__width-auto elementor-widget-tablet__width-initial elementor-widget elementor-widget-image\" data-id=\"14d62f63\" data-element_type=\"widget\" data-e-type=\"widget\" data-widget_type=\"image.default\">\n\t\t\t\t\t\t\t\t\t\t\t\t\t\t\t\t<a href=\"https:\/\/info-rencontre.com\/s\/sl?spid=23&#038;ai=31460&#038;si=62&#038;sg=4&#038;ni=5\" target=\"_blank\">\n\t\t\t\t\t\t\t<img decoding=\"async\" width=\"96\" height=\"96\" src=\"https:\/\/www.tchat-delire.fr\/membres\/wp-content\/uploads\/2025\/11\/000-chargin-point-icon2.png\" class=\"attachment-full size-full wp-image-83\" alt=\"000 chargin point icon2\" srcset=\"https:\/\/www.tchat-delire.fr\/membres\/wp-content\/uploads\/2025\/11\/000-chargin-point-icon2.png 96w, https:\/\/www.tchat-delire.fr\/membres\/wp-content\/uploads\/2025\/11\/000-chargin-point-icon2-80x80.png 80w, https:\/\/www.tchat-delire.fr\/membres\/wp-content\/uploads\/2025\/11\/000-chargin-point-icon2-36x36.png 36w\" sizes=\"(max-width: 96px) 100vw, 96px\" title=\"DiaL \u00e0 Th\u00e8me\">\t\t\t\t\t\t\t\t<\/a>\n\t\t\t\t\t\t\t\t\t\t\t\t\t\t\t<\/div>\n\t\t\t\t<div class=\"elementor-element elementor-element-35162baf elementor-widget__width-initial elementor-widget elementor-widget-heading\" data-id=\"35162baf\" data-element_type=\"widget\" data-e-type=\"widget\" data-widget_type=\"heading.default\">\n\t\t\t\t\t<h1 class=\"elementor-heading-title elementor-size-default\"><a href=\"https:\/\/info-rencontre.com\/s\/sl?spid=23&#038;ai=31460&#038;si=62&#038;sg=4&#038;ni=5\" target=\"_blank\">EVA<\/a><\/h1>\t\t\t\t<\/div>\n\t\t\t\t<div class=\"elementor-element elementor-element-24e39aa6 elementor-widget elementor-widget-text-editor\" data-id=\"24e39aa6\" data-element_type=\"widget\" data-e-type=\"widget\" data-widget_type=\"text-editor.default\">\n\t\t\t\t\t\t\t\t\t<p><a href=\"https:\/\/info-rencontre.com\/s\/sl?spid=23&amp;ai=31460&amp;si=62&amp;sg=4&amp;ni=5\" target=\"_blank\" rel=\"noopener\">22 ans &#8211; Le Havre<\/a><\/p>\t\t\t\t\t\t\t\t<\/div>\n\t\t\t\t\t<\/div>\n\t\t<\/div>\n\t\t\t\t\t<\/div>\n\t\t<\/section>\n\t\t\t\t\t<\/div>\n\t\t<\/div>\n\t\t\t\t<div class=\"elementor-column elementor-col-33 elementor-top-column elementor-element elementor-element-39e4a91\" data-id=\"39e4a91\" data-element_type=\"column\" data-e-type=\"column\">\n\t\t\t<div class=\"elementor-widget-wrap elementor-element-populated\">\n\t\t\t\t\t\t<section class=\"elementor-section elementor-inner-section elementor-element elementor-element-26381c7d ev-icon-box elementor-section-boxed elementor-section-height-default elementor-section-height-default\" data-id=\"26381c7d\" data-element_type=\"section\" data-e-type=\"section\" data-settings=\"{&quot;background_background&quot;:&quot;classic&quot;}\">\n\t\t\t\t\t\t<div class=\"elementor-container elementor-column-gap-default\">\n\t\t\t\t\t<div class=\"elementor-column elementor-col-100 elementor-inner-column elementor-element elementor-element-61e88bdb\" data-id=\"61e88bdb\" data-element_type=\"column\" data-e-type=\"column\">\n\t\t\t<div class=\"elementor-widget-wrap elementor-element-populated\">\n\t\t\t\t\t\t<div class=\"elementor-element elementor-element-3a6beb0d elementor-widget__width-auto elementor-widget-tablet__width-initial elementor-widget elementor-widget-image\" data-id=\"3a6beb0d\" data-element_type=\"widget\" data-e-type=\"widget\" data-widget_type=\"image.default\">\n\t\t\t\t\t\t\t\t\t\t\t\t\t\t\t\t<a href=\"https:\/\/info-rencontre.com\/s\/sl?spid=23&#038;ai=31460&#038;si=62&#038;sg=4&#038;ni=5\" target=\"_blank\">\n\t\t\t\t\t\t\t<img decoding=\"async\" width=\"96\" height=\"96\" src=\"https:\/\/www.tchat-delire.fr\/membres\/wp-content\/uploads\/2025\/11\/000-chargin-point-icon3.png\" class=\"attachment-full size-full wp-image-84\" alt=\"000 chargin point icon3\" srcset=\"https:\/\/www.tchat-delire.fr\/membres\/wp-content\/uploads\/2025\/11\/000-chargin-point-icon3.png 96w, https:\/\/www.tchat-delire.fr\/membres\/wp-content\/uploads\/2025\/11\/000-chargin-point-icon3-80x80.png 80w, https:\/\/www.tchat-delire.fr\/membres\/wp-content\/uploads\/2025\/11\/000-chargin-point-icon3-36x36.png 36w\" sizes=\"(max-width: 96px) 100vw, 96px\" title=\"DiaL \u00e0 Th\u00e8me\">\t\t\t\t\t\t\t\t<\/a>\n\t\t\t\t\t\t\t\t\t\t\t\t\t\t\t<\/div>\n\t\t\t\t<div class=\"elementor-element elementor-element-46ae3654 elementor-widget__width-initial elementor-widget elementor-widget-heading\" data-id=\"46ae3654\" data-element_type=\"widget\" data-e-type=\"widget\" data-widget_type=\"heading.default\">\n\t\t\t\t\t<h3 class=\"elementor-heading-title elementor-size-default\"><a href=\"https:\/\/info-rencontre.com\/s\/sl?spid=23&#038;ai=31460&#038;si=62&#038;sg=4&#038;ni=5\" target=\"_blank\">MARIA<\/a><\/h3>\t\t\t\t<\/div>\n\t\t\t\t<div class=\"elementor-element elementor-element-2a64103b elementor-widget elementor-widget-text-editor\" data-id=\"2a64103b\" data-element_type=\"widget\" data-e-type=\"widget\" data-widget_type=\"text-editor.default\">\n\t\t\t\t\t\t\t\t\t<p><a href=\"https:\/\/info-rencontre.com\/s\/sl?spid=23&amp;ai=31460&amp;si=62&amp;sg=4&amp;ni=5\" target=\"_blank\" rel=\"noopener\">19 ans -Paris<\/a><\/p>\t\t\t\t\t\t\t\t<\/div>\n\t\t\t\t\t<\/div>\n\t\t<\/div>\n\t\t\t\t\t<\/div>\n\t\t<\/section>\n\t\t\t\t\t<\/div>\n\t\t<\/div>\n\t\t\t\t<div class=\"elementor-column elementor-col-33 elementor-top-column elementor-element elementor-element-1ae8fe49\" data-id=\"1ae8fe49\" data-element_type=\"column\" data-e-type=\"column\">\n\t\t\t<div class=\"elementor-widget-wrap elementor-element-populated\">\n\t\t\t\t\t\t<section class=\"elementor-section elementor-inner-section elementor-element elementor-element-9171175 ev-icon-box elementor-section-boxed elementor-section-height-default elementor-section-height-default\" data-id=\"9171175\" data-element_type=\"section\" data-e-type=\"section\" data-settings=\"{&quot;background_background&quot;:&quot;classic&quot;}\">\n\t\t\t\t\t\t<div class=\"elementor-container elementor-column-gap-default\">\n\t\t\t\t\t<div class=\"elementor-column elementor-col-100 elementor-inner-column elementor-element elementor-element-263806b5\" data-id=\"263806b5\" data-element_type=\"column\" data-e-type=\"column\">\n\t\t\t<div class=\"elementor-widget-wrap elementor-element-populated\">\n\t\t\t\t\t\t<div class=\"elementor-element elementor-element-337dbf85 elementor-widget__width-auto elementor-widget-tablet__width-initial elementor-widget elementor-widget-image\" data-id=\"337dbf85\" data-element_type=\"widget\" data-e-type=\"widget\" data-widget_type=\"image.default\">\n\t\t\t\t\t\t\t\t\t\t\t\t\t\t\t\t<a href=\"https:\/\/info-rencontre.com\/s\/sl?spid=23&#038;ai=31460&#038;si=62&#038;sg=4&#038;ni=5\" target=\"_blank\">\n\t\t\t\t\t\t\t<img decoding=\"async\" width=\"96\" height=\"96\" src=\"https:\/\/www.tchat-delire.fr\/membres\/wp-content\/uploads\/2025\/11\/000-chargin-point-icon1.png\" class=\"attachment-full size-full wp-image-82\" alt=\"000 chargin point icon1\" srcset=\"https:\/\/www.tchat-delire.fr\/membres\/wp-content\/uploads\/2025\/11\/000-chargin-point-icon1.png 96w, https:\/\/www.tchat-delire.fr\/membres\/wp-content\/uploads\/2025\/11\/000-chargin-point-icon1-80x80.png 80w, https:\/\/www.tchat-delire.fr\/membres\/wp-content\/uploads\/2025\/11\/000-chargin-point-icon1-36x36.png 36w\" sizes=\"(max-width: 96px) 100vw, 96px\" title=\"DiaL \u00e0 Th\u00e8me\">\t\t\t\t\t\t\t\t<\/a>\n\t\t\t\t\t\t\t\t\t\t\t\t\t\t\t<\/div>\n\t\t\t\t<div class=\"elementor-element elementor-element-25019530 elementor-widget__width-initial elementor-widget elementor-widget-heading\" data-id=\"25019530\" data-element_type=\"widget\" data-e-type=\"widget\" data-widget_type=\"heading.default\">\n\t\t\t\t\t<h3 class=\"elementor-heading-title elementor-size-default\"><a href=\"https:\/\/info-rencontre.com\/s\/sl?spid=23&#038;ai=31460&#038;si=62&#038;sg=4&#038;ni=5\" target=\"_blank\">PATRICIA<\/a><\/h3>\t\t\t\t<\/div>\n\t\t\t\t<div class=\"elementor-element elementor-element-778fee1d elementor-widget elementor-widget-text-editor\" data-id=\"778fee1d\" data-element_type=\"widget\" data-e-type=\"widget\" data-widget_type=\"text-editor.default\">\n\t\t\t\t\t\t\t\t\t<p><a href=\"https:\/\/info-rencontre.com\/s\/sl?spid=23&amp;ai=31460&amp;si=62&amp;sg=4&amp;ni=5\" target=\"_blank\" rel=\"noopener\">20 ans &#8211; Marseille<\/a><\/p>\t\t\t\t\t\t\t\t<\/div>\n\t\t\t\t\t<\/div>\n\t\t<\/div>\n\t\t\t\t\t<\/div>\n\t\t<\/section>\n\t\t\t\t\t<\/div>\n\t\t<\/div>\n\t\t\t\t\t<\/div>\n\t\t<\/section>\n\t\t<div class=\"elementor-element elementor-element-76ee60bc e-con-full e-flex e-con e-parent\" data-id=\"76ee60bc\" data-element_type=\"container\" data-e-type=\"container\">\n\t\t\t\t<div class=\"elementor-element elementor-element-61e2b502 elementor-widget elementor-widget-html\" data-id=\"61e2b502\" data-element_type=\"widget\" data-e-type=\"widget\" data-widget_type=\"html.default\">\n\t\t\t\t\t<center>\r\n<h2 style=\"color:#61b136;font-family:'Risque';\">Membres Ext\u00e9rieurs Pour Faire Des Rencontres Sans Lendemain<\/h2>\r\n<iframe border=\"0\" src=\"https:\/\/tropintense.com\/p\/pgrid?ai=31460&amp;nbProfiles=9&amp;thumbSize=300&amp;backColor=%23000000&amp;btnText=La Contacter&amp;btnBackColor=%23000000&amp;btnHoverColor=%2361b136&amp;profileBackColor=%23ffffff&amp;profileBorderSize=0&amp;profileBorderColor=%233b354d&amp;showProfileShadow=1&amp;thumbBorderSize=5&amp;thumbBorderColor=%2361b136&amp;thumbHoverBorderColor=%2361b136&amp;margin=15&amp;hideAge=0&amp;hideCity=0&amp;hideFirstname=0&amp;hidebtn=0&amp;target=sales&amp;anim=3&amp;loop=1&amp;loopDelay=5\" style=\"border: none; height: 1400px; width: 100%;\"><\/iframe>\r\n<br>\r\n<h2 style=\"color:#61b136;font-family:'Risque';\">Tu Peux Aussi Rencontrer Des Femmes M\u00fbres<\/h2>\r\n<p style=\"color:#000000;font-family:'Risque';\">Des Femmes CougArs Dans Votre R\u00e9gion<\/p>\r\n<iframe src=\"https:\/\/info-rencontre.com\/s\/sl?spid=18&amp;ai=31460&amp;si=4\" title=\"Tchat De Rencontre 100% Gratuit\" style=\"border:0; width:100%; height:750px;\"><\/iframe>\r\n<h2 style=\"color:#000000;font-family:'Risque';\">Recherche Cougar: Le Guide ultime pour les Dames Assur\u00e9es et Sophistiqu\u00e9es<\/h2>\r\n<h5 style=\"color:#61b136;font-family:'Risque';\">La jeunesse est s\u00e9duisante, surtout lorsqu'elle est enrichie par la pr\u00e9sence magn\u00e9tique et l'aura assur\u00e9e d'une femme mature, une cougar c\u00e9libataire. \r\n<br\/><br\/>\r\nOn ne peut nier l'attraction, cette \u00e9nergie ind\u00e9niable qui distingue une relation cougar. C'est l'aventure, c'est l'inconnu, c'est le piquant qui rend la situation unique. Mais, face \u00e0 l'immensit\u00e9 du monde de la s\u00e9duction, comment naviguer efficacement et attraper le bon cougar pour vous, celui qui correspond \u00e0 votre personnalit\u00e9 et vos attentes ?\r\n<br\/><br\/>\r\nLa premi\u00e8re \u00e9tape est de cr\u00e9er un profil attrayant. C'est l'\u00e9quivalent virtuel de votre premi\u00e8re impression, votre annonce de pr\u00e9sentation \u00e0 la grande parade de l'amour online. Les plus jeunes regardent, scrutent, cherchent ce qui les rendra accros. Alors, ne soyez pas timide, montrez votre meilleur c\u00f4t\u00e9, affichez avec confiance vos atouts et laissez briller votre exp\u00e9rience et votre maturit\u00e9.\r\n<br\/><br\/>\r\nLa s\u00e9curit\u00e9 est primordiale, car m\u00eame dans le feu de l'action, on ne peut jamais oublier sa s\u00e9curit\u00e9 personnelle. Oui, c'est excitant, c'est s\u00e9duisant de plonger dans une nouvelle aventure, mais il faut rester vigilante. Heureusement, chez nous, sur notre plateforme, nous prenons s\u00e9rieusement votre s\u00e9curit\u00e9. Nous veillons \u00e0 votre protection, afin que vous puissiez vous amuser, explorer les possibilit\u00e9s, sans jamais sortir de la zone de s\u00fbret\u00e9.\r\n<br\/><br\/>\r\nEnfin, la communication est un \u00e9l\u00e9ment vital. Une cougar sait exactement ce qu'elle veut et elle est d\u00e9termin\u00e9e \u00e0 l'obtenir. Alors, n'h\u00e9sitez pas \u00e0 exprimer vos d\u00e9sirs, parlez, discutez, faites savoir clairement ce que vous voulez et attendez. L'assurance est le plus grand s\u00e9ducteur, et en mati\u00e8re de s\u00e9duction, la transparence est reine.\r\n<br\/><br\/>\r\nVoil\u00e0, c'est l\u00e0 tout l'art de la recherche cougar en toute simplicit\u00e9. Alors, mesdames, \u00eates-vous pr\u00eates \u00e0 plonger dans l'excitation, \u00e0 vous jeter dans la gueule de la passion ?\r\n<\/h5>\r\n<\/center>\t\t\t\t<\/div>\n\t\t\t\t<\/div>\n\t\t\t\t<section class=\"elementor-section elementor-top-section elementor-element elementor-element-4931ab7d section-12 elementor-section-boxed elementor-section-height-default elementor-section-height-default\" data-id=\"4931ab7d\" data-element_type=\"section\" data-e-type=\"section\" data-settings=\"{&quot;background_background&quot;:&quot;gradient&quot;}\">\n\t\t\t\t\t\t<div class=\"elementor-container elementor-column-gap-default\">\n\t\t\t\t\t<div class=\"elementor-column elementor-col-50 elementor-top-column elementor-element elementor-element-41967a76\" data-id=\"41967a76\" data-element_type=\"column\" data-e-type=\"column\">\n\t\t\t<div class=\"elementor-widget-wrap elementor-element-populated\">\n\t\t\t\t\t\t<div class=\"elementor-element elementor-element-402ca469 elementor-widget elementor-widget-image\" data-id=\"402ca469\" data-element_type=\"widget\" data-e-type=\"widget\" data-widget_type=\"image.default\">\n\t\t\t\t\t\t\t\t\t\t\t\t\t\t\t\t<a href=\"https:\/\/info-rencontre.com\/s\/sl?spid=23&#038;ai=31460&#038;si=75&#038;sg=2&#038;ni=1\" target=\"_blank\">\n\t\t\t\t\t\t\t<img loading=\"lazy\" decoding=\"async\" width=\"631\" height=\"478\" src=\"https:\/\/www.tchat-delire.fr\/membres\/wp-content\/uploads\/2025\/11\/map-mobile-img1.png\" class=\"attachment-large size-large wp-image-110\" alt=\"map mobile img1\" srcset=\"https:\/\/www.tchat-delire.fr\/membres\/wp-content\/uploads\/2025\/11\/map-mobile-img1.png 631w, https:\/\/www.tchat-delire.fr\/membres\/wp-content\/uploads\/2025\/11\/map-mobile-img1-300x227.png 300w\" sizes=\"(max-width: 631px) 100vw, 631px\" title=\"DiaL \u00e0 Th\u00e8me\">\t\t\t\t\t\t\t\t<\/a>\n\t\t\t\t\t\t\t\t\t\t\t\t\t\t\t<\/div>\n\t\t\t\t\t<\/div>\n\t\t<\/div>\n\t\t\t\t<div class=\"elementor-column elementor-col-50 elementor-top-column elementor-element elementor-element-177526df\" data-id=\"177526df\" data-element_type=\"column\" data-e-type=\"column\">\n\t\t\t<div class=\"elementor-widget-wrap elementor-element-populated\">\n\t\t\t\t\t\t<div class=\"elementor-element elementor-element-64abd4a3 elementor-widget elementor-widget-heading\" data-id=\"64abd4a3\" data-element_type=\"widget\" data-e-type=\"widget\" data-widget_type=\"heading.default\">\n\t\t\t\t\t<h3 class=\"elementor-heading-title elementor-size-default\"><a href=\"https:\/\/info-rencontre.com\/s\/sl?spid=23&#038;ai=31460&#038;si=75&#038;sg=2&#038;ni=1\" target=\"_blank\">Tchat-Delire<\/a><\/h3>\t\t\t\t<\/div>\n\t\t\t\t<div class=\"elementor-element elementor-element-3ca8b67 elementor-widget elementor-widget-heading\" data-id=\"3ca8b67\" data-element_type=\"widget\" data-e-type=\"widget\" data-widget_type=\"heading.default\">\n\t\t\t\t\t<h2 class=\"elementor-heading-title elementor-size-default\"><a href=\"https:\/\/info-rencontre.com\/s\/sl?spid=23&#038;ai=31460&#038;si=75&#038;sg=2&#038;ni=1\" target=\"_blank\">2.400 Inscrits<\/a><\/h2>\t\t\t\t<\/div>\n\t\t\t\t<div class=\"elementor-element elementor-element-67ccc04a elementor-widget elementor-widget-text-editor\" data-id=\"67ccc04a\" data-element_type=\"widget\" data-e-type=\"widget\" data-widget_type=\"text-editor.default\">\n\t\t\t\t\t\t\t\t\t<p>Site de rencontre gratuit<br \/><strong>Tchat-Delire<\/strong><br \/>s&rsquo;\u00e9tend au-del\u00e0 du chat gratuit.<br \/>Il est est \u00e9lu meilleur site de rencontres gratuit 2025 et constitue un lieu id\u00e9al pour d\u00e9couvrir de nouvelles personnes. <br \/>Il est une toile sur laquelle se dessinent les interactions et les passions humaines.<br \/>\u00c0 la recherche d&rsquo;amusements en ligne, de relations virtuelles, d&rsquo;amour, d&rsquo;amiti\u00e9, ou m\u00eame d&rsquo;une aventure sans lendemain ? <br \/><br \/><br \/><\/p>\t\t\t\t\t\t\t\t<\/div>\n\t\t\t\t<div class=\"elementor-element elementor-element-29130a7e skt-eauto-icon-btn elementor-widget__width-auto elementor-widget elementor-widget-button\" data-id=\"29130a7e\" data-element_type=\"widget\" data-e-type=\"widget\" data-widget_type=\"button.default\">\n\t\t\t\t\t\t\t\t\t\t<a class=\"elementor-button elementor-button-link elementor-size-md\" href=\"https:\/\/info-rencontre.com\/s\/sl?spid=23&#038;ai=31460&#038;si=75&#038;sg=2&#038;ni=1\" target=\"_blank\">\n\t\t\t\t\t\t<span class=\"elementor-button-content-wrapper\">\n\t\t\t\t\t\t<span class=\"elementor-button-icon\">\n\t\t\t\t<svg aria-hidden=\"true\" class=\"e-font-icon-svg e-fab-apple\" viewBox=\"0 0 384 512\" xmlns=\"http:\/\/www.w3.org\/2000\/svg\"><path d=\"M318.7 268.7c-.2-36.7 16.4-64.4 50-84.8-18.8-26.9-47.2-41.7-84.7-44.6-35.5-2.8-74.3 20.7-88.5 20.7-15 0-49.4-19.7-76.4-19.7C63.3 141.2 4 184.8 4 273.5q0 39.3 14.4 81.2c12.8 36.7 59 126.7 107.2 125.2 25.2-.6 43-17.9 75.8-17.9 31.8 0 48.3 17.9 76.4 17.9 48.6-.7 90.4-82.5 102.6-119.3-65.2-30.7-61.7-90-61.7-91.9zm-56.6-164.2c27.3-32.4 24.8-61.9 24-72.5-24.1 1.4-52 16.4-67.9 34.9-17.5 19.8-27.8 44.3-25.6 71.9 26.1 2 49.9-11.4 69.5-34.3z\"><\/path><\/svg>\t\t\t<\/span>\n\t\t\t\t\t\t\t\t\t<span class=\"elementor-button-text\"><small>T\u00e9l\u00e9charger L'application<\/small> Apps Store<\/span>\n\t\t\t\t\t<\/span>\n\t\t\t\t\t<\/a>\n\t\t\t\t\t\t\t\t<\/div>\n\t\t\t\t<div class=\"elementor-element elementor-element-1acf39a skt-eauto-icon-btn elementor-widget__width-auto elementor-widget elementor-widget-button\" data-id=\"1acf39a\" data-element_type=\"widget\" data-e-type=\"widget\" data-widget_type=\"button.default\">\n\t\t\t\t\t\t\t\t\t\t<a class=\"elementor-button elementor-button-link elementor-size-md\" href=\"https:\/\/info-rencontre.com\/s\/sl?spid=23&#038;ai=31460&#038;si=75&#038;sg=2&#038;ni=1\" target=\"_blank\">\n\t\t\t\t\t\t<span class=\"elementor-button-content-wrapper\">\n\t\t\t\t\t\t<span class=\"elementor-button-icon\">\n\t\t\t\t<svg aria-hidden=\"true\" class=\"e-font-icon-svg e-fab-google-play\" viewBox=\"0 0 512 512\" xmlns=\"http:\/\/www.w3.org\/2000\/svg\"><path d=\"M325.3 234.3L104.6 13l280.8 161.2-60.1 60.1zM47 0C34 6.8 25.3 19.2 25.3 35.3v441.3c0 16.1 8.7 28.5 21.7 35.3l256.6-256L47 0zm425.2 225.6l-58.9-34.1-65.7 64.5 65.7 64.5 60.1-34.1c18-14.3 18-46.5-1.2-60.8zM104.6 499l280.8-161.2-60.1-60.1L104.6 499z\"><\/path><\/svg>\t\t\t<\/span>\n\t\t\t\t\t\t\t\t\t<span class=\"elementor-button-text\"><small>T\u00e9l\u00e9charger L'application<\/small> Google Play<\/span>\n\t\t\t\t\t<\/span>\n\t\t\t\t\t<\/a>\n\t\t\t\t\t\t\t\t<\/div>\n\t\t\t\t\t<\/div>\n\t\t<\/div>\n\t\t\t\t\t<\/div>\n\t\t<\/section>\n\t\t<div class=\"elementor-element elementor-element-6c0b49eb e-con-full e-flex e-con e-parent\" data-id=\"6c0b49eb\" data-element_type=\"container\" data-e-type=\"container\">\n\t\t\t\t<div class=\"elementor-element elementor-element-3edf1c2 elementor-widget elementor-widget-google_maps\" data-id=\"3edf1c2\" data-element_type=\"widget\" data-e-type=\"widget\" data-widget_type=\"google_maps.default\">\n\t\t\t\t\t\t\t<div class=\"elementor-custom-embed\">\n\t\t\t<iframe loading=\"lazy\"\n\t\t\t\t\tsrc=\"https:\/\/maps.google.com\/maps?q=Europe&#038;t=m&#038;z=5&#038;output=embed&#038;iwloc=near\"\n\t\t\t\t\ttitle=\"Europe\"\n\t\t\t\t\taria-label=\"Europe\"\n\t\t\t><\/iframe>\n\t\t<\/div>\n\t\t\t\t\t\t<\/div>\n\t\t\t\t<\/div>\n\t\t\t\t<\/div>\n\t\t","protected":false},"excerpt":{"rendered":"<p>EVA 22 ans &#8211; Le Havre MARIA 19 ans -Paris PATRICIA 20 ans &#8211; Marseille Membres Ext\u00e9rieurs Pour Faire Des Rencontres Sans Lendemain Tu Peux Aussi Rencontrer Des Femmes M\u00fbres Des Femmes CougArs Dans Votre R\u00e9gion Recherche Cougar: Le Guide ultime pour les Dames Assur\u00e9es et Sophistiqu\u00e9es La jeunesse est s\u00e9duisante, surtout lorsqu&rsquo;elle est enrichie [&hellip;]<\/p>\n","protected":false},"author":1,"featured_media":0,"parent":0,"menu_order":0,"comment_status":"closed","ping_status":"closed","template":"elementor_header_footer","meta":{"footnotes":""},"class_list":["post-188","page","type-page","status-publish","hentry"],"_links":{"self":[{"href":"https:\/\/www.tchat-delire.fr\/membres\/wp-json\/wp\/v2\/pages\/188","targetHints":{"allow":["GET"]}}],"collection":[{"href":"https:\/\/www.tchat-delire.fr\/membres\/wp-json\/wp\/v2\/pages"}],"about":[{"href":"https:\/\/www.tchat-delire.fr\/membres\/wp-json\/wp\/v2\/types\/page"}],"author":[{"embeddable":true,"href":"https:\/\/www.tchat-delire.fr\/membres\/wp-json\/wp\/v2\/users\/1"}],"replies":[{"embeddable":true,"href":"https:\/\/www.tchat-delire.fr\/membres\/wp-json\/wp\/v2\/comments?post=188"}],"version-history":[{"count":3,"href":"https:\/\/www.tchat-delire.fr\/membres\/wp-json\/wp\/v2\/pages\/188\/revisions"}],"predecessor-version":[{"id":191,"href":"https:\/\/www.tchat-delire.fr\/membres\/wp-json\/wp\/v2\/pages\/188\/revisions\/191"}],"wp:attachment":[{"href":"https:\/\/www.tchat-delire.fr\/membres\/wp-json\/wp\/v2\/media?parent=188"}],"curies":[{"name":"wp","href":"https:\/\/api.w.org\/{rel}","templated":true}]}}